{"id":37,"date":"2026-02-10T01:18:38","date_gmt":"2026-02-10T01:18:38","guid":{"rendered":"https:\/\/cgenge.com.br\/faq\/"},"modified":"2026-02-10T02:31:15","modified_gmt":"2026-02-10T02:31:15","slug":"faq","status":"publish","type":"page","link":"https:\/\/cgenge.com.br\/en\/faq\/","title":{"rendered":"FAQ"},"content":{"rendered":"<div class=\"wp-block-group alignfull is-style-ext-preset--group--natural-1--section has-background-background-color has-background has-global-padding is-layout-constrained wp-container-core-group-is-layout-e955bbaf wp-block-group-is-layout-constrained\" id=\"perguntas-frequentes\" style=\"margin-top:0;margin-bottom:0;padding-top:var(--wp--preset--spacing--70);padding-bottom:var(--wp--preset--spacing--70)\">\n<div class=\"wp-block-group alignwide is-vertical is-content-justification-center is-layout-flex wp-container-core-group-is-layout-c9ee0c5a wp-block-group-is-layout-flex\">\n<div class=\"wp-block-group has-global-padding is-layout-constrained wp-container-core-group-is-layout-2287c683 wp-block-group-is-layout-constrained\">\n<h2 class=\"wp-block-heading has-text-align-center\">Solu\u00e7\u00f5es Inovadoras para Desafios de Engenharia<\/h2>\n\n\n\n<p class=\"has-text-align-center\">Encontre respostas r\u00e1pidas para as d\u00favidas mais comuns sobre nossos servi\u00e7os t\u00e9cnicos e processos.<\/p>\n<\/div>\n<\/div>\n\n\n\n<div class=\"wp-block-group alignwide has-global-padding is-content-justification-center is-layout-constrained wp-container-core-group-is-layout-8f997a6a wp-block-group-is-layout-constrained\">\n<div class=\"wp-block-group is-style-ext-preset--group--natural-1--item-card-1--align-start is-layout-flow wp-block-group-is-layout-flow is-style-ext-preset--group--natural-1--item-card-1--align-start--2\">\n<div class=\"wp-block-group is-style-default is-layout-flow wp-block-group-is-layout-flow\">\n<h3 class=\"wp-block-heading\">Quais tipos de projetos de engenharia a CGenge atende?<\/h3>\n\n\n\n<p>Atuamos em projetos complexos que envolvem desde modelagem 3D at\u00e9 an\u00e1lises estruturais detalhadas.<\/p>\n<\/div>\n<\/div>\n\n\n\n<div class=\"wp-block-group is-style-ext-preset--group--natural-1--item-card-1--align-start is-layout-flow wp-block-group-is-layout-flow is-style-ext-preset--group--natural-1--item-card-1--align-start--3\">\n<div class=\"wp-block-group is-style-default is-layout-flow wp-block-group-is-layout-flow\">\n<h3 class=\"wp-block-heading\">Como a CGenge garante a conformidade com normas t\u00e9cnicas?<\/h3>\n\n\n\n<p>Seguimos rigorosamente as normas vigentes, utilizando ferramentas avan\u00e7adas para assegurar total conformidade.<\/p>\n<\/div>\n<\/div>\n\n\n\n<div class=\"wp-block-group is-style-ext-preset--group--natural-1--item-card-1--align-start is-layout-flow wp-block-group-is-layout-flow is-style-ext-preset--group--natural-1--item-card-1--align-start--4\">\n<div class=\"wp-block-group is-style-default is-layout-flow wp-block-group-is-layout-flow\">\n<h3 class=\"wp-block-heading\">Quais tecnologias s\u00e3o utilizadas nos seus projetos?<\/h3>\n\n\n\n<p>Utilizamos modelagem 3D, An\u00e1lise de Elementos Finitos e outras tecnologias de ponta para garantir precis\u00e3o.<\/p>\n<\/div>\n<\/div>\n\n\n\n<div class=\"wp-block-group is-style-ext-preset--group--natural-1--item-card-1--align-start is-layout-flow wp-block-group-is-layout-flow is-style-ext-preset--group--natural-1--item-card-1--align-start--5\">\n<div class=\"wp-block-group is-style-default is-layout-flow wp-block-group-is-layout-flow\">\n<h3 class=\"wp-block-heading\">Como solicitar um or\u00e7amento para um projeto?<\/h3>\n\n\n\n<p>Entre em contato conosco via formul\u00e1rio ou telefone para receber uma proposta personalizada.<\/p>\n<\/div>\n<\/div>\n<\/div>\n<\/div>\n\n\n\n<div class=\"wp-block-group alignfull is-style-ext-preset--group--natural-1--section has-tertiary-background-color has-background has-global-padding is-layout-constrained wp-container-core-group-is-layout-e955bbaf wp-block-group-is-layout-constrained\" id=\"servicos\" style=\"margin-top:0;margin-bottom:0;padding-top:var(--wp--preset--spacing--70);padding-bottom:var(--wp--preset--spacing--70)\">\n<div class=\"wp-block-group alignwide is-vertical is-content-justification-center is-layout-flex wp-container-core-group-is-layout-c9ee0c5a wp-block-group-is-layout-flex\">\n<div class=\"wp-block-group has-global-padding is-layout-constrained wp-container-core-group-is-layout-5e05634a wp-block-group-is-layout-constrained\">\n<h2 class=\"wp-block-heading has-text-align-center\">Solu\u00e7\u00f5es que Ultrapassam os Padr\u00f5es T\u00e9cnicos<\/h2>\n\n\n\n<p class=\"has-text-align-center\">Aqui detalhamos nossos servi\u00e7os especializados, focados em inova\u00e7\u00e3o, precis\u00e3o e total satisfa\u00e7\u00e3o dos clientes.<\/p>\n<\/div>\n<\/div>\n\n\n\n<div class=\"wp-block-columns alignwide is-layout-flex wp-container-core-columns-is-layout-08c01c1c wp-block-columns-is-layout-flex\">\n<div class=\"wp-block-column is-vertically-aligned-stretch is-layout-flow wp-container-core-column-is-layout-f5bb311e wp-block-column-is-layout-flow\">\n<div class=\"wp-block-group is-style-ext-preset--group--natural-1--item-card-1--align-center has-global-padding is-layout-constrained wp-block-group-is-layout-constrained is-style-ext-preset--group--natural-1--item-card-1--align-center--7\">\n<div class=\"wp-block-group is-style-default has-global-padding is-layout-constrained wp-block-group-is-layout-constrained\">\n<figure class=\"wp-block-image aligncenter size-large ext-aspect-landscape wp-duotone-primary-foreground\"><img decoding=\"async\" src=\"data:image\/svg+xml;base64,PHN2ZyB4bWxucz0iaHR0cDovL3d3dy53My5vcmcvMjAwMC9zdmciIHdpZHRoPSI0OCIgaGVpZ2h0PSI0OCIgZmlsbD0iIzAwMDAwMCIgdmlld0JveD0iMCAwIDI1NiAyNTYiPjxwYXRoIGQ9Ik0xNzIsNzZhNDQsNDQsMCwxLDAtNDQsNDRBNDQuMDUsNDQuMDUsMCwwLDAsMTcyLDc2Wm0tNDQsMjhhMjgsMjgsMCwxLDEsMjgtMjhBMjgsMjgsMCwwLDEsMTI4LDEwNFptNjAsMjRhNDQsNDQsMCwxLDAsNDQsNDRBNDQuMDUsNDQuMDUsMCwwLDAsMTg4LDEyOFptMCw3MmEyOCwyOCwwLDEsMSwyOC0yOEEyOCwyOCwwLDAsMSwxODgsMjAwWk02OCwxMjhhNDQsNDQsMCwxLDAsNDQsNDRBNDQuMDUsNDQuMDUsMCwwLDAsNjgsMTI4Wm0wLDcyYTI4LDI4LDAsMSwxLDI4LTI4QTI4LDI4LDAsMCwxLDY4LDIwMFoiPjwvcGF0aD48L3N2Zz4=\" alt=\"\" style=\"object-fit:cover\"\/><\/figure>\n\n\n\n<h3 class=\"wp-block-heading has-text-align-center\">Desenvolvimento de Projetos<\/h3>\n\n\n\n<p class=\"has-text-align-center\">Projetamos solu\u00e7\u00f5es sob medida para atender com precis\u00e3o as demandas complexas do seu projeto.<\/p>\n<\/div>\n<\/div>\n<\/div>\n\n\n\n<div class=\"wp-block-column is-vertically-aligned-stretch is-layout-flow wp-container-core-column-is-layout-f5bb311e wp-block-column-is-layout-flow\">\n<div class=\"wp-block-group is-style-ext-preset--group--natural-1--item-card-1--align-center has-global-padding is-layout-constrained wp-block-group-is-layout-constrained is-style-ext-preset--group--natural-1--item-card-1--align-center--8\">\n<div class=\"wp-block-group is-style-default has-global-padding is-layout-constrained wp-block-group-is-layout-constrained\">\n<figure class=\"wp-block-image aligncenter size-large ext-aspect-landscape wp-duotone-primary-foreground\"><img decoding=\"async\" src=\"data:image\/svg+xml;base64,PHN2ZyB4bWxucz0iaHR0cDovL3d3dy53My5vcmcvMjAwMC9zdmciIHdpZHRoPSI0OCIgaGVpZ2h0PSI0OCIgZmlsbD0iIzAwMDAwMCIgdmlld0JveD0iMCAwIDI1NiAyNTYiPjxwYXRoIGQ9Ik04MCw0MGE0MCw0MCwwLDEsMCw0MCw0MEE0MCw0MCwwLDAsMCw4MCw0MFptMCw2NGEyNCwyNCwwLDEsMSwyNC0yNEEyNCwyNCwwLDAsMSw4MCwxMDRabTk2LDE2YTQwLDQwLDAsMSwwLTQwLTQwQTQwLDQwLDAsMCwwLDE3NiwxMjBabTAtNjRhMjQsMjQsMCwxLDEtMjQsMjRBMjQsMjQsMCwwLDEsMTc2LDU2Wk04MCwxMzZhNDAsNDAsMCwxLDAsNDAsNDBBNDAsNDAsMCwwLDAsODAsMTM2Wm0wLDY0YTI0LDI0LDAsMSwxLDI0LTI0QTI0LDI0LDAsMCwxLDgwLDIwMFptOTYtNjRhNDAsNDAsMCwxLDAsNDAsNDBBNDAsNDAsMCwwLDAsMTc2LDEzNlptMCw2NGEyNCwyNCwwLDEsMSwyNC0yNEEyNCwyNCwwLDAsMSwxNzYsMjAwWiI+PC9wYXRoPjwvc3ZnPg==\" alt=\"\" style=\"object-fit:cover\"\/><\/figure>\n\n\n\n<h3 class=\"wp-block-heading has-text-align-center\">An\u00e1lise T\u00e9cnica Avan\u00e7ada<\/h3>\n\n\n\n<p class=\"has-text-align-center\">Garantimos avalia\u00e7\u00f5es rigorosas e confi\u00e1veis que asseguram a viabilidade e seguran\u00e7a do projeto.<\/p>\n<\/div>\n<\/div>\n<\/div>\n\n\n\n<div class=\"wp-block-column is-vertically-aligned-stretch is-layout-flow wp-container-core-column-is-layout-f5bb311e wp-block-column-is-layout-flow\">\n<div class=\"wp-block-group is-style-ext-preset--group--natural-1--item-card-1--align-center has-global-padding is-layout-constrained wp-block-group-is-layout-constrained is-style-ext-preset--group--natural-1--item-card-1--align-center--9\">\n<div class=\"wp-block-group is-style-default has-global-padding is-layout-constrained wp-block-group-is-layout-constrained\">\n<figure class=\"wp-block-image aligncenter size-large ext-aspect-landscape wp-duotone-primary-foreground\"><img decoding=\"async\" src=\"data:image\/svg+xml;base64,PHN2ZyB4bWxucz0iaHR0cDovL3d3dy53My5vcmcvMjAwMC9zdmciIHdpZHRoPSI0OCIgaGVpZ2h0PSI0OCIgZmlsbD0iIzAwMDAwMCIgdmlld0JveD0iMCAwIDI1NiAyNTYiPjxwYXRoIGQ9Ik04MCw0MGE0MCw0MCwwLDEsMCw0MCw0MEE0MCw0MCwwLDAsMCw4MCw0MFptMCw2NGEyNCwyNCwwLDEsMSwyNC0yNEEyNCwyNCwwLDAsMSw4MCwxMDRabTk2LDE2YTQwLDQwLDAsMSwwLTQwLTQwQTQwLDQwLDAsMCwwLDE3NiwxMjBabTAtNjRhMjQsMjQsMCwxLDEtMjQsMjRBMjQsMjQsMCwwLDEsMTc2LDU2Wk04MCwxMzZhNDAsNDAsMCwxLDAsNDAsNDBBNDAsNDAsMCwwLDAsODAsMTM2Wm0wLDY0YTI0LDI0LDAsMSwxLDI0LTI0QTI0LDI0LDAsMCwxLDgwLDIwMFptMTM2LTI0YTgsOCwwLDAsMS04LDhIMTg0djI0YTgsOCwwLDAsMS0xNiwwVjE4NEgxNDRhOCw4LDAsMCwxLDAtMTZoMjRWMTQ0YTgsOCwwLDAsMSwxNiwwdjI0aDI0QTgsOCwwLDAsMSwyMTYsMTc2WiI+PC9wYXRoPjwvc3ZnPg==\" alt=\"\" style=\"object-fit:cover\"\/><\/figure>\n\n\n\n<h3 class=\"wp-block-heading has-text-align-center\">Consultoria Especializada<\/h3>\n\n\n\n<p class=\"has-text-align-center\">Oferecemos orienta\u00e7\u00f5es t\u00e9cnicas detalhadas para otimizar processos e assegurar conformidade.<\/p>\n<\/div>\n<\/div>\n<\/div>\n<\/div>\n<\/div>\n\n\n\n<div class=\"wp-block-group alignfull is-style-ext-preset--group--natural-1--section has-background-background-color has-background has-global-padding is-layout-constrained wp-container-core-group-is-layout-e955bbaf wp-block-group-is-layout-constrained\" style=\"margin-top:0;margin-bottom:0;padding-top:var(--wp--preset--spacing--70);padding-bottom:var(--wp--preset--spacing--70)\">\n<div class=\"wp-block-group alignwide is-vertical is-layout-flex wp-container-core-group-is-layout-c35747d5 wp-block-group-is-layout-flex\">\n<div class=\"wp-block-group has-global-padding is-layout-constrained wp-container-core-group-is-layout-5e05634a wp-block-group-is-layout-constrained\">\n<h2 class=\"wp-block-heading\">Engenharia com Excel\u00eancia e Seguran\u00e7a Garantida.<\/h2>\n\n\n\n<p class=\"has-text-align-left\">Aqui apresentamos nossas certifica\u00e7\u00f5es t\u00e9cnicas, protocolos rigorosos de seguran\u00e7a e pr\u00eamios que asseguram a qualidade e a confian\u00e7a em nossos projetos.<\/p>\n<\/div>\n<\/div>\n\n\n\n<div class=\"wp-block-columns alignwide is-layout-flex wp-container-core-columns-is-layout-174606dc wp-block-columns-is-layout-flex\">\n<div class=\"wp-block-column is-vertically-aligned-center is-layout-flow wp-block-column-is-layout-flow\">\n<div class=\"wp-block-columns is-layout-flex wp-container-core-columns-is-layout-28f84493 wp-block-columns-is-layout-flex\">\n<div class=\"wp-block-column is-vertically-aligned-stretch is-layout-flow wp-block-column-is-layout-flow\">\n<div class=\"wp-block-group is-style-ext-preset--group--natural-1--item-card-1--align-start has-global-padding is-layout-constrained wp-block-group-is-layout-constrained is-style-ext-preset--group--natural-1--item-card-1--align-start--11\">\n<figure class=\"wp-block-image size-large ext-aspect-landscape wp-duotone-primary-foreground\"><img decoding=\"async\" src=\"data:image\/svg+xml;base64,PHN2ZyB4bWxucz0iaHR0cDovL3d3dy53My5vcmcvMjAwMC9zdmciIHdpZHRoPSI0OCIgaGVpZ2h0PSI0OCIgZmlsbD0iIzAwMDAwMCIgdmlld0JveD0iMCAwIDI1NiAyNTYiPjxwYXRoIGQ9Ik04MCw0MGE0MCw0MCwwLDEsMCw0MCw0MEE0MCw0MCwwLDAsMCw4MCw0MFptMCw2NGEyNCwyNCwwLDEsMSwyNC0yNEEyNCwyNCwwLDAsMSw4MCwxMDRabTk2LDE2YTQwLDQwLDAsMSwwLTQwLTQwQTQwLDQwLDAsMCwwLDE3NiwxMjBabTAtNjRhMjQsMjQsMCwxLDEtMjQsMjRBMjQsMjQsMCwwLDEsMTc2LDU2Wk04MCwxMzZhNDAsNDAsMCwxLDAsNDAsNDBBNDAsNDAsMCwwLDAsODAsMTM2Wm0wLDY0YTI0LDI0LDAsMSwxLDI0LTI0QTI0LDI0LDAsMCwxLDgwLDIwMFptMTM2LTI0YTgsOCwwLDAsMS04LDhIMTg0djI0YTgsOCwwLDAsMS0xNiwwVjE4NEgxNDRhOCw4LDAsMCwxLDAtMTZoMjRWMTQ0YTgsOCwwLDAsMSwxNiwwdjI0aDI0QTgsOCwwLDAsMSwyMTYsMTc2WiI+PC9wYXRoPjwvc3ZnPg==\" alt=\"\" style=\"object-fit:cover\"\/><\/figure>\n\n\n\n<div class=\"wp-block-group is-style-default has-global-padding is-layout-constrained wp-block-group-is-layout-constrained\">\n<h3 class=\"wp-block-heading\">Acredita\u00e7\u00e3o CREA: Vistoria Profissional<\/h3>\n\n\n\n<p>Esta acredita\u00e7\u00e3o confirma que nossos engenheiros s\u00e3o habilitados e seguem normas t\u00e9cnicas, assegurando responsabilidade e conformidade em cada etapa.<\/p>\n<\/div>\n<\/div>\n<\/div>\n<\/div>\n<\/div>\n\n\n\n<div class=\"wp-block-column is-vertically-aligned-stretch is-layout-flow wp-container-core-column-is-layout-119bc444 wp-block-column-is-layout-flow\">\n<div class=\"wp-block-cover is-style-ext-preset--image--natural-1--image-1--content-bottom is-style-ext-preset--image--natural-1--image-1--content-bottom--12\" style=\"padding-top:0;padding-bottom:0;min-height:100%;aspect-ratio:unset;\"><img loading=\"lazy\" decoding=\"async\" width=\"1440\" height=\"961\" class=\"wp-block-cover__image-background wp-image-50\" alt=\"\" src=\"https:\/\/cgenge.com.br\/wp-content\/uploads\/2026\/02\/d6801371158fb816f9536e1084cd404598fb00f2.jpg\" data-object-fit=\"cover\" srcset=\"https:\/\/cgenge.com.br\/wp-content\/uploads\/2026\/02\/d6801371158fb816f9536e1084cd404598fb00f2.jpg 1440w, https:\/\/cgenge.com.br\/wp-content\/uploads\/2026\/02\/d6801371158fb816f9536e1084cd404598fb00f2-300x200.jpg 300w, https:\/\/cgenge.com.br\/wp-content\/uploads\/2026\/02\/d6801371158fb816f9536e1084cd404598fb00f2-1024x683.jpg 1024w, https:\/\/cgenge.com.br\/wp-content\/uploads\/2026\/02\/d6801371158fb816f9536e1084cd404598fb00f2-768x513.jpg 768w, https:\/\/cgenge.com.br\/wp-content\/uploads\/2026\/02\/d6801371158fb816f9536e1084cd404598fb00f2-18x12.jpg 18w\" sizes=\"auto, (max-width: 1440px) 100vw, 1440px\" \/><span aria-hidden=\"true\" class=\"wp-block-cover__background has-background-dim-0 has-background-dim\"><\/span><div class=\"wp-block-cover__inner-container is-layout-flow wp-block-cover-is-layout-flow\">\n<div style=\"height:240px\" aria-hidden=\"true\" class=\"wp-block-spacer\"><\/div>\n<\/div><\/div>\n<\/div>\n<\/div>\n<\/div>","protected":false},"excerpt":{"rendered":"<p>Solu\u00e7\u00f5es Inovadoras para Desafios de Engenharia Encontre respostas r\u00e1pidas para as d\u00favidas mais comuns sobre nossos servi\u00e7os t\u00e9cnicos e processos. Quais tipos de projetos de engenharia a CGenge atende? Atuamos em projetos complexos que envolvem desde modelagem 3D at\u00e9 an\u00e1lises estruturais detalhadas. Como a CGenge garante a conformidade com normas t\u00e9cnicas? Seguimos rigorosamente as normas [&hellip;]<\/p>","protected":false},"author":1,"featured_media":0,"parent":0,"menu_order":0,"comment_status":"closed","ping_status":"closed","template":"page-with-title","meta":{"_monsterinsights_skip_tracking":false,"_monsterinsights_sitenote_active":false,"_monsterinsights_sitenote_note":"","_monsterinsights_sitenote_category":0,"footnotes":""},"class_list":["post-37","page","type-page","status-publish","hentry"],"yoast_head":"<!-- This site is optimized with the Yoast SEO plugin v27.2 - https:\/\/yoast.com\/product\/yoast-seo-wordpress\/ -->\n<title>FAQ - CGenge Engenharia<\/title>\n<meta name=\"robots\" content=\"index, follow, max-snippet:-1, max-image-preview:large, max-video-preview:-1\" \/>\n<link rel=\"canonical\" href=\"https:\/\/cgenge.com.br\/en\/faq\/\" \/>\n<meta property=\"og:locale\" content=\"en_US\" \/>\n<meta property=\"og:type\" content=\"article\" \/>\n<meta property=\"og:title\" content=\"FAQ - CGenge Engenharia\" \/>\n<meta property=\"og:description\" content=\"Solu\u00e7\u00f5es Inovadoras para Desafios de Engenharia Encontre respostas r\u00e1pidas para as d\u00favidas mais comuns sobre nossos servi\u00e7os t\u00e9cnicos e processos. Quais tipos de projetos de engenharia a CGenge atende? Atuamos em projetos complexos que envolvem desde modelagem 3D at\u00e9 an\u00e1lises estruturais detalhadas. Como a CGenge garante a conformidade com normas t\u00e9cnicas? Seguimos rigorosamente as normas [&hellip;]\" \/>\n<meta property=\"og:url\" content=\"https:\/\/cgenge.com.br\/en\/faq\/\" \/>\n<meta property=\"og:site_name\" content=\"CGenge Engenharia\" \/>\n<meta property=\"article:modified_time\" content=\"2026-02-10T02:31:15+00:00\" \/>\n<meta property=\"og:image\" content=\"https:\/\/cgenge.com.br\/wp-content\/uploads\/2026\/02\/d6801371158fb816f9536e1084cd404598fb00f2.jpg\" \/>\n<meta name=\"twitter:card\" content=\"summary_large_image\" \/>\n<meta name=\"twitter:label1\" content=\"Est. reading time\" \/>\n\t<meta name=\"twitter:data1\" content=\"1 minute\" \/>\n<script type=\"application\/ld+json\" class=\"yoast-schema-graph\">{\"@context\":\"https:\/\/schema.org\",\"@graph\":[{\"@type\":\"WebPage\",\"@id\":\"https:\/\/cgenge.com.br\/faq\/\",\"url\":\"https:\/\/cgenge.com.br\/faq\/\",\"name\":\"FAQ - CGenge Engenharia\",\"isPartOf\":{\"@id\":\"https:\/\/cgenge.com.br\/#website\"},\"primaryImageOfPage\":{\"@id\":\"https:\/\/cgenge.com.br\/faq\/#primaryimage\"},\"image\":{\"@id\":\"https:\/\/cgenge.com.br\/faq\/#primaryimage\"},\"thumbnailUrl\":\"https:\/\/cgenge.com.br\/wp-content\/uploads\/2026\/02\/d6801371158fb816f9536e1084cd404598fb00f2.jpg\",\"datePublished\":\"2026-02-10T01:18:38+00:00\",\"dateModified\":\"2026-02-10T02:31:15+00:00\",\"breadcrumb\":{\"@id\":\"https:\/\/cgenge.com.br\/faq\/#breadcrumb\"},\"inLanguage\":\"en-US\",\"potentialAction\":[{\"@type\":\"ReadAction\",\"target\":[\"https:\/\/cgenge.com.br\/faq\/\"]}]},{\"@type\":\"ImageObject\",\"inLanguage\":\"en-US\",\"@id\":\"https:\/\/cgenge.com.br\/faq\/#primaryimage\",\"url\":\"https:\/\/cgenge.com.br\/wp-content\/uploads\/2026\/02\/d6801371158fb816f9536e1084cd404598fb00f2.jpg\",\"contentUrl\":\"https:\/\/cgenge.com.br\/wp-content\/uploads\/2026\/02\/d6801371158fb816f9536e1084cd404598fb00f2.jpg\"},{\"@type\":\"BreadcrumbList\",\"@id\":\"https:\/\/cgenge.com.br\/faq\/#breadcrumb\",\"itemListElement\":[{\"@type\":\"ListItem\",\"position\":1,\"name\":\"In\u00edcio\",\"item\":\"https:\/\/cgenge.com.br\/\"},{\"@type\":\"ListItem\",\"position\":2,\"name\":\"FAQ\"}]},{\"@type\":\"WebSite\",\"@id\":\"https:\/\/cgenge.com.br\/#website\",\"url\":\"https:\/\/cgenge.com.br\/\",\"name\":\"CGenge Engenharia\",\"description\":\"My WordPress Blog\",\"publisher\":{\"@id\":\"https:\/\/cgenge.com.br\/#organization\"},\"potentialAction\":[{\"@type\":\"SearchAction\",\"target\":{\"@type\":\"EntryPoint\",\"urlTemplate\":\"https:\/\/cgenge.com.br\/?s={search_term_string}\"},\"query-input\":{\"@type\":\"PropertyValueSpecification\",\"valueRequired\":true,\"valueName\":\"search_term_string\"}}],\"inLanguage\":\"en-US\"},{\"@type\":\"Organization\",\"@id\":\"https:\/\/cgenge.com.br\/#organization\",\"name\":\"CGenge Engenharia\",\"url\":\"https:\/\/cgenge.com.br\/\",\"logo\":{\"@type\":\"ImageObject\",\"inLanguage\":\"en-US\",\"@id\":\"https:\/\/cgenge.com.br\/#\/schema\/logo\/image\/\",\"url\":\"https:\/\/cgenge.com.br\/wp-content\/uploads\/2026\/02\/CGenge.01.jpg\",\"contentUrl\":\"https:\/\/cgenge.com.br\/wp-content\/uploads\/2026\/02\/CGenge.01.jpg\",\"width\":731,\"height\":256,\"caption\":\"CGenge Engenharia\"},\"image\":{\"@id\":\"https:\/\/cgenge.com.br\/#\/schema\/logo\/image\/\"}}]}<\/script>\n<!-- \/ Yoast SEO plugin. -->","yoast_head_json":{"title":"FAQ - CGenge Engenharia","robots":{"index":"index","follow":"follow","max-snippet":"max-snippet:-1","max-image-preview":"max-image-preview:large","max-video-preview":"max-video-preview:-1"},"canonical":"https:\/\/cgenge.com.br\/en\/faq\/","og_locale":"en_US","og_type":"article","og_title":"FAQ - CGenge Engenharia","og_description":"Solu\u00e7\u00f5es Inovadoras para Desafios de Engenharia Encontre respostas r\u00e1pidas para as d\u00favidas mais comuns sobre nossos servi\u00e7os t\u00e9cnicos e processos. Quais tipos de projetos de engenharia a CGenge atende? Atuamos em projetos complexos que envolvem desde modelagem 3D at\u00e9 an\u00e1lises estruturais detalhadas. Como a CGenge garante a conformidade com normas t\u00e9cnicas? Seguimos rigorosamente as normas [&hellip;]","og_url":"https:\/\/cgenge.com.br\/en\/faq\/","og_site_name":"CGenge Engenharia","article_modified_time":"2026-02-10T02:31:15+00:00","og_image":[{"url":"https:\/\/cgenge.com.br\/wp-content\/uploads\/2026\/02\/d6801371158fb816f9536e1084cd404598fb00f2.jpg","type":"","width":"","height":""}],"twitter_card":"summary_large_image","twitter_misc":{"Est. reading time":"1 minute"},"schema":{"@context":"https:\/\/schema.org","@graph":[{"@type":"WebPage","@id":"https:\/\/cgenge.com.br\/faq\/","url":"https:\/\/cgenge.com.br\/faq\/","name":"FAQ - CGenge Engenharia","isPartOf":{"@id":"https:\/\/cgenge.com.br\/#website"},"primaryImageOfPage":{"@id":"https:\/\/cgenge.com.br\/faq\/#primaryimage"},"image":{"@id":"https:\/\/cgenge.com.br\/faq\/#primaryimage"},"thumbnailUrl":"https:\/\/cgenge.com.br\/wp-content\/uploads\/2026\/02\/d6801371158fb816f9536e1084cd404598fb00f2.jpg","datePublished":"2026-02-10T01:18:38+00:00","dateModified":"2026-02-10T02:31:15+00:00","breadcrumb":{"@id":"https:\/\/cgenge.com.br\/faq\/#breadcrumb"},"inLanguage":"en-US","potentialAction":[{"@type":"ReadAction","target":["https:\/\/cgenge.com.br\/faq\/"]}]},{"@type":"ImageObject","inLanguage":"en-US","@id":"https:\/\/cgenge.com.br\/faq\/#primaryimage","url":"https:\/\/cgenge.com.br\/wp-content\/uploads\/2026\/02\/d6801371158fb816f9536e1084cd404598fb00f2.jpg","contentUrl":"https:\/\/cgenge.com.br\/wp-content\/uploads\/2026\/02\/d6801371158fb816f9536e1084cd404598fb00f2.jpg"},{"@type":"BreadcrumbList","@id":"https:\/\/cgenge.com.br\/faq\/#breadcrumb","itemListElement":[{"@type":"ListItem","position":1,"name":"In\u00edcio","item":"https:\/\/cgenge.com.br\/"},{"@type":"ListItem","position":2,"name":"FAQ"}]},{"@type":"WebSite","@id":"https:\/\/cgenge.com.br\/#website","url":"https:\/\/cgenge.com.br\/","name":"CGenge Engenharia","description":"My WordPress Blog","publisher":{"@id":"https:\/\/cgenge.com.br\/#organization"},"potentialAction":[{"@type":"SearchAction","target":{"@type":"EntryPoint","urlTemplate":"https:\/\/cgenge.com.br\/?s={search_term_string}"},"query-input":{"@type":"PropertyValueSpecification","valueRequired":true,"valueName":"search_term_string"}}],"inLanguage":"en-US"},{"@type":"Organization","@id":"https:\/\/cgenge.com.br\/#organization","name":"CGenge Engenharia","url":"https:\/\/cgenge.com.br\/","logo":{"@type":"ImageObject","inLanguage":"en-US","@id":"https:\/\/cgenge.com.br\/#\/schema\/logo\/image\/","url":"https:\/\/cgenge.com.br\/wp-content\/uploads\/2026\/02\/CGenge.01.jpg","contentUrl":"https:\/\/cgenge.com.br\/wp-content\/uploads\/2026\/02\/CGenge.01.jpg","width":731,"height":256,"caption":"CGenge Engenharia"},"image":{"@id":"https:\/\/cgenge.com.br\/#\/schema\/logo\/image\/"}}]}},"_links":{"self":[{"href":"https:\/\/cgenge.com.br\/en\/wp-json\/wp\/v2\/pages\/37","targetHints":{"allow":["GET"]}}],"collection":[{"href":"https:\/\/cgenge.com.br\/en\/wp-json\/wp\/v2\/pages"}],"about":[{"href":"https:\/\/cgenge.com.br\/en\/wp-json\/wp\/v2\/types\/page"}],"author":[{"embeddable":true,"href":"https:\/\/cgenge.com.br\/en\/wp-json\/wp\/v2\/users\/1"}],"replies":[{"embeddable":true,"href":"https:\/\/cgenge.com.br\/en\/wp-json\/wp\/v2\/comments?post=37"}],"version-history":[{"count":2,"href":"https:\/\/cgenge.com.br\/en\/wp-json\/wp\/v2\/pages\/37\/revisions"}],"predecessor-version":[{"id":95,"href":"https:\/\/cgenge.com.br\/en\/wp-json\/wp\/v2\/pages\/37\/revisions\/95"}],"wp:attachment":[{"href":"https:\/\/cgenge.com.br\/en\/wp-json\/wp\/v2\/media?parent=37"}],"curies":[{"name":"wp","href":"https:\/\/api.w.org\/{rel}","templated":true}]}}