{"id":38,"date":"2026-02-10T01:18:39","date_gmt":"2026-02-10T01:18:39","guid":{"rendered":"https:\/\/cgenge.com.br\/portfolio\/"},"modified":"2026-02-10T01:22:15","modified_gmt":"2026-02-10T01:22:15","slug":"portfolio","status":"publish","type":"page","link":"https:\/\/cgenge.com.br\/en\/portfolio\/","title":{"rendered":"Portf\u00f3lio"},"content":{"rendered":"<div class=\"wp-block-group alignfull is-style-ext-preset--group--natural-1--section has-background-background-color has-background has-global-padding is-layout-constrained wp-container-core-group-is-layout-843e5a6d wp-block-group-is-layout-constrained\" id=\"sobre\" style=\"margin-top:0;margin-bottom:0;padding-top:var(--wp--preset--spacing--70);padding-bottom:var(--wp--preset--spacing--70)\">\n<div class=\"wp-block-group alignwide is-vertical is-content-justification-center is-layout-flex wp-container-core-group-is-layout-c9ee0c5a wp-block-group-is-layout-flex\">\n<div class=\"wp-block-group has-global-padding is-layout-constrained wp-container-core-group-is-layout-2287c683 wp-block-group-is-layout-constrained\">\n<h2 class=\"wp-block-heading has-text-align-center\">Projetos de Engenharia com Excel\u00eancia T\u00e9cnica<\/h2>\n\n\n\n<p class=\"has-text-align-center\">Conhe\u00e7a nossa abordagem \u00fanica, unindo inova\u00e7\u00e3o e rigor t\u00e9cnico para entregar solu\u00e7\u00f5es que superam expectativas e garantem seguran\u00e7a e conformidade.<\/p>\n<\/div>\n<\/div>\n\n\n\n<figure class=\"wp-block-image is-style-ext-preset-image-natural-1-image-1--content-any is-style-ext-preset--image--natural-1--image-1--content-any is-style-ext-preset--image--natural-1--image-1--content-any--2\"><img loading=\"lazy\" decoding=\"async\" width=\"1440\" height=\"960\" class=\"wp-image-52\" src=\"https:\/\/cgenge.com.br\/wp-content\/uploads\/2026\/02\/4b839a38c5a500dd99c51d20c2d20519a8bd5590.jpg\" alt=\"\" style=\"aspect-ratio:4\/3;object-fit:cover\" srcset=\"https:\/\/cgenge.com.br\/wp-content\/uploads\/2026\/02\/4b839a38c5a500dd99c51d20c2d20519a8bd5590.jpg 1440w, https:\/\/cgenge.com.br\/wp-content\/uploads\/2026\/02\/4b839a38c5a500dd99c51d20c2d20519a8bd5590-300x200.jpg 300w, https:\/\/cgenge.com.br\/wp-content\/uploads\/2026\/02\/4b839a38c5a500dd99c51d20c2d20519a8bd5590-1024x683.jpg 1024w, https:\/\/cgenge.com.br\/wp-content\/uploads\/2026\/02\/4b839a38c5a500dd99c51d20c2d20519a8bd5590-768x512.jpg 768w, https:\/\/cgenge.com.br\/wp-content\/uploads\/2026\/02\/4b839a38c5a500dd99c51d20c2d20519a8bd5590-18x12.jpg 18w\" sizes=\"auto, (max-width: 1440px) 100vw, 1440px\" \/><\/figure>\n<\/div>\n\n<div class=\"wp-block-group alignfull is-style-ext-preset--group--natural-1--section has-tertiary-background-color has-background has-global-padding is-layout-constrained wp-container-core-group-is-layout-e955bbaf wp-block-group-is-layout-constrained\" id=\"recursos\" style=\"margin-top:0;margin-bottom:0;padding-top:var(--wp--preset--spacing--70);padding-bottom:var(--wp--preset--spacing--70)\">\n<div class=\"wp-block-group alignwide is-vertical is-content-justification-center is-layout-flex wp-container-core-group-is-layout-c9ee0c5a wp-block-group-is-layout-flex\">\n<div class=\"wp-block-group has-global-padding is-layout-constrained wp-container-core-group-is-layout-5e05634a wp-block-group-is-layout-constrained\">\n<h2 class=\"wp-block-heading has-text-align-center\">Excel\u00eancia T\u00e9cnica e Inova\u00e7\u00e3o em Engenharia<\/h2>\n\n\n\n<p class=\"has-text-align-center\">Apresentamos projetos t\u00e9cnicos detalhados que unem inova\u00e7\u00e3o e rigor, destacando nossa expertise em solu\u00e7\u00f5es complexas de engenharia.<\/p>\n<\/div>\n<\/div>\n\n\n\n<div class=\"wp-block-columns alignwide is-layout-flex wp-container-core-columns-is-layout-08c01c1c wp-block-columns-is-layout-flex\">\n<div class=\"wp-block-column is-vertically-aligned-stretch is-layout-flow wp-container-core-column-is-layout-f5bb311e wp-block-column-is-layout-flow\">\n<div class=\"wp-block-group is-style-ext-preset--group--natural-1--item-card-1--align-center has-global-padding is-layout-constrained wp-block-group-is-layout-constrained is-style-ext-preset--group--natural-1--item-card-1--align-center--4\">\n<div class=\"wp-block-group is-style-default has-global-padding is-layout-constrained wp-block-group-is-layout-constrained\">\n<figure class=\"wp-block-image aligncenter size-large ext-aspect-landscape wp-duotone-primary-foreground\"><img decoding=\"async\" src=\"data:image\/svg+xml;base64,PHN2ZyB4bWxucz0iaHR0cDovL3d3dy53My5vcmcvMjAwMC9zdmciIHdpZHRoPSI0OCIgaGVpZ2h0PSI0OCIgZmlsbD0iIzAwMDAwMCIgdmlld0JveD0iMCAwIDI1NiAyNTYiPjxwYXRoIGQ9Ik0xNzIsNzZhNDQsNDQsMCwxLDAtNDQsNDRBNDQuMDUsNDQuMDUsMCwwLDAsMTcyLDc2Wm0tNDQsMjhhMjgsMjgsMCwxLDEsMjgtMjhBMjgsMjgsMCwwLDEsMTI4LDEwNFptNjAsMjRhNDQsNDQsMCwxLDAsNDQsNDRBNDQuMDUsNDQuMDUsMCwwLDAsMTg4LDEyOFptMCw3MmEyOCwyOCwwLDEsMSwyOC0yOEEyOCwyOCwwLDAsMSwxODgsMjAwWk02OCwxMjhhNDQsNDQsMCwxLDAsNDQsNDRBNDQuMDUsNDQuMDUsMCwwLDAsNjgsMTI4Wm0wLDcyYTI4LDI4LDAsMSwxLDI4LTI4QTI4LDI4LDAsMCwxLDY4LDIwMFoiPjwvcGF0aD48L3N2Zz4=\" alt=\"\" style=\"object-fit:cover\"\/><\/figure>\n\n\n\n<h3 class=\"wp-block-heading has-text-align-center\">Projetos sob Medida<\/h3>\n\n\n\n<p class=\"has-text-align-center\">Desenvolvemos desenhos t\u00e9cnicos personalizados para atender \u00e0s necessidades espec\u00edficas de cada cliente.<\/p>\n<\/div>\n<\/div>\n<\/div>\n\n\n\n<div class=\"wp-block-column is-vertically-aligned-stretch is-layout-flow wp-container-core-column-is-layout-f5bb311e wp-block-column-is-layout-flow\">\n<div class=\"wp-block-group is-style-ext-preset--group--natural-1--item-card-1--align-center has-global-padding is-layout-constrained wp-block-group-is-layout-constrained is-style-ext-preset--group--natural-1--item-card-1--align-center--5\">\n<div class=\"wp-block-group is-style-default has-global-padding is-layout-constrained wp-block-group-is-layout-constrained\">\n<figure class=\"wp-block-image aligncenter size-large ext-aspect-landscape wp-duotone-primary-foreground\"><img decoding=\"async\" src=\"data:image\/svg+xml;base64,PHN2ZyB4bWxucz0iaHR0cDovL3d3dy53My5vcmcvMjAwMC9zdmciIHdpZHRoPSI0OCIgaGVpZ2h0PSI0OCIgZmlsbD0iIzAwMDAwMCIgdmlld0JveD0iMCAwIDI1NiAyNTYiPjxwYXRoIGQ9Ik04MCw0MGE0MCw0MCwwLDEsMCw0MCw0MEE0MCw0MCwwLDAsMCw4MCw0MFptMCw2NGEyNCwyNCwwLDEsMSwyNC0yNEEyNCwyNCwwLDAsMSw4MCwxMDRabTk2LDE2YTQwLDQwLDAsMSwwLTQwLTQwQTQwLDQwLDAsMCwwLDE3NiwxMjBabTAtNjRhMjQsMjQsMCwxLDEtMjQsMjRBMjQsMjQsMCwwLDEsMTc2LDU2Wk04MCwxMzZhNDAsNDAsMCwxLDAsNDAsNDBBNDAsNDAsMCwwLDAsODAsMTM2Wm0wLDY0YTI0LDI0LDAsMSwxLDI0LTI0QTI0LDI0LDAsMCwxLDgwLDIwMFptOTYtNjRhNDAsNDAsMCwxLDAsNDAsNDBBNDAsNDAsMCwwLDAsMTc2LDEzNlptMCw2NGEyNCwyNCwwLDEsMSwyNC0yNEEyNCwyNCwwLDAsMSwxNzYsMjAwWiI+PC9wYXRoPjwvc3ZnPg==\" alt=\"\" style=\"object-fit:cover\"\/><\/figure>\n\n\n\n<h3 class=\"wp-block-heading has-text-align-center\">Modelagem 3D Avan\u00e7ada<\/h3>\n\n\n\n<p class=\"has-text-align-center\">Utilizamos tecnologias de modelagem tridimensional para garantir precis\u00e3o e efici\u00eancia nos projetos.<\/p>\n<\/div>\n<\/div>\n<\/div>\n\n\n\n<div class=\"wp-block-column is-vertically-aligned-stretch is-layout-flow wp-container-core-column-is-layout-f5bb311e wp-block-column-is-layout-flow\">\n<div class=\"wp-block-group is-style-ext-preset--group--natural-1--item-card-1--align-center has-global-padding is-layout-constrained wp-block-group-is-layout-constrained is-style-ext-preset--group--natural-1--item-card-1--align-center--6\">\n<div class=\"wp-block-group is-style-default has-global-padding is-layout-constrained wp-block-group-is-layout-constrained\">\n<figure class=\"wp-block-image aligncenter size-large ext-aspect-landscape wp-duotone-primary-foreground\"><img decoding=\"async\" src=\"data:image\/svg+xml;base64,PHN2ZyB4bWxucz0iaHR0cDovL3d3dy53My5vcmcvMjAwMC9zdmciIHdpZHRoPSI0OCIgaGVpZ2h0PSI0OCIgZmlsbD0iIzAwMDAwMCIgdmlld0JveD0iMCAwIDI1NiAyNTYiPjxwYXRoIGQ9Ik04MCw0MGE0MCw0MCwwLDEsMCw0MCw0MEE0MCw0MCwwLDAsMCw4MCw0MFptMCw2NGEyNCwyNCwwLDEsMSwyNC0yNEEyNCwyNCwwLDAsMSw4MCwxMDRabTk2LDE2YTQwLDQwLDAsMSwwLTQwLTQwQTQwLDQwLDAsMCwwLDE3NiwxMjBabTAtNjRhMjQsMjQsMCwxLDEtMjQsMjRBMjQsMjQsMCwwLDEsMTc2LDU2Wk04MCwxMzZhNDAsNDAsMCwxLDAsNDAsNDBBNDAsNDAsMCwwLDAsODAsMTM2Wm0wLDY0YTI0LDI0LDAsMSwxLDI0LTI0QTI0LDI0LDAsMCwxLDgwLDIwMFptMTM2LTI0YTgsOCwwLDAsMS04LDhIMTg0djI0YTgsOCwwLDAsMS0xNiwwVjE4NEgxNDRhOCw4LDAsMCwxLDAtMTZoMjRWMTQ0YTgsOCwwLDAsMSwxNiwwdjI0aDI0QTgsOCwwLDAsMSwyMTYsMTc2WiI+PC9wYXRoPjwvc3ZnPg==\" alt=\"\" style=\"object-fit:cover\"\/><\/figure>\n\n\n\n<h3 class=\"wp-block-heading has-text-align-center\">An\u00e1lises e Laudos T\u00e9cnicos<\/h3>\n\n\n\n<p class=\"has-text-align-center\">Fornecemos relat\u00f3rios detalhados que asseguram conformidade e seguran\u00e7a em todas as etapas do projeto.<\/p>\n<\/div>\n<\/div>\n<\/div>\n<\/div>\n<\/div>\n\n<div class=\"wp-block-group alignfull is-style-ext-preset--group--natural-1--section has-background-background-color has-background has-global-padding is-layout-constrained wp-container-core-group-is-layout-f72f1611 wp-block-group-is-layout-constrained\" id=\"galeria\" style=\"margin-top:0;margin-bottom:0;padding-top:var(--wp--preset--spacing--70);padding-bottom:var(--wp--preset--spacing--70)\">\n<div class=\"wp-block-group alignwide is-vertical is-layout-flex wp-container-core-group-is-layout-c35747d5 wp-block-group-is-layout-flex\">\n<div class=\"wp-block-group has-global-padding is-layout-constrained wp-container-core-group-is-layout-5e05634a wp-block-group-is-layout-constrained\">\n<h2 class=\"wp-block-heading\">Profissionais Especializados em Solu\u00e7\u00f5es de Engenharia<\/h2>\n\n\n\n<p class=\"has-text-align-left\">Explore projetos exclusivos que ilustram a inova\u00e7\u00e3o e precis\u00e3o t\u00e9cnica da CGenge.<\/p>\n<\/div>\n<\/div>\n\n\n\n<div class=\"wp-block-columns alignwide is-layout-flex wp-container-core-columns-is-layout-87beb0d0 wp-block-columns-is-layout-flex\">\n<div class=\"wp-block-column is-vertically-aligned-stretch is-layout-flow wp-container-core-column-is-layout-f5bb311e wp-block-column-is-layout-flow\" style=\"flex-basis:50%\">\n<div class=\"wp-block-cover is-style-ext-preset--image--natural-1--image-1--content-top is-style-ext-preset--image--natural-1--image-1--content-top--8\" style=\"padding-top:0;padding-bottom:0;min-height:100%;aspect-ratio:unset;\"><img loading=\"lazy\" decoding=\"async\" width=\"1440\" height=\"961\" class=\"wp-block-cover__image-background wp-image-50\" alt=\"\" src=\"https:\/\/cgenge.com.br\/wp-content\/uploads\/2026\/02\/d6801371158fb816f9536e1084cd404598fb00f2.jpg\" data-object-fit=\"cover\" srcset=\"https:\/\/cgenge.com.br\/wp-content\/uploads\/2026\/02\/d6801371158fb816f9536e1084cd404598fb00f2.jpg 1440w, https:\/\/cgenge.com.br\/wp-content\/uploads\/2026\/02\/d6801371158fb816f9536e1084cd404598fb00f2-300x200.jpg 300w, https:\/\/cgenge.com.br\/wp-content\/uploads\/2026\/02\/d6801371158fb816f9536e1084cd404598fb00f2-1024x683.jpg 1024w, https:\/\/cgenge.com.br\/wp-content\/uploads\/2026\/02\/d6801371158fb816f9536e1084cd404598fb00f2-768x513.jpg 768w, https:\/\/cgenge.com.br\/wp-content\/uploads\/2026\/02\/d6801371158fb816f9536e1084cd404598fb00f2-18x12.jpg 18w\" sizes=\"auto, (max-width: 1440px) 100vw, 1440px\" \/><span aria-hidden=\"true\" class=\"wp-block-cover__background has-background-dim-0 has-background-dim\"><\/span><div class=\"wp-block-cover__inner-container is-layout-flow wp-block-cover-is-layout-flow\">\n<div style=\"height:240px\" aria-hidden=\"true\" class=\"wp-block-spacer\"><\/div>\n<\/div><\/div>\n<\/div>\n\n\n\n<div class=\"wp-block-column is-vertically-aligned-top is-layout-flow wp-container-core-column-is-layout-f5bb311e wp-block-column-is-layout-flow\">\n<figure class=\"wp-block-image is-style-ext-preset--image--natural-1--image-1--content-top is-style-ext-preset--image--natural-1--image-1--content-top--9\"><img loading=\"lazy\" decoding=\"async\" width=\"1440\" height=\"961\" class=\"wp-image-53\" src=\"https:\/\/cgenge.com.br\/wp-content\/uploads\/2026\/02\/8f236a7e453ef76683de5202466abe0cb64e88d2.jpg\" alt=\"\" style=\"aspect-ratio:1;object-fit:cover\" srcset=\"https:\/\/cgenge.com.br\/wp-content\/uploads\/2026\/02\/8f236a7e453ef76683de5202466abe0cb64e88d2.jpg 1440w, https:\/\/cgenge.com.br\/wp-content\/uploads\/2026\/02\/8f236a7e453ef76683de5202466abe0cb64e88d2-300x200.jpg 300w, https:\/\/cgenge.com.br\/wp-content\/uploads\/2026\/02\/8f236a7e453ef76683de5202466abe0cb64e88d2-1024x683.jpg 1024w, https:\/\/cgenge.com.br\/wp-content\/uploads\/2026\/02\/8f236a7e453ef76683de5202466abe0cb64e88d2-768x513.jpg 768w, https:\/\/cgenge.com.br\/wp-content\/uploads\/2026\/02\/8f236a7e453ef76683de5202466abe0cb64e88d2-18x12.jpg 18w\" sizes=\"auto, (max-width: 1440px) 100vw, 1440px\" \/><\/figure>\n\n\n\n<figure class=\"wp-block-image is-style-ext-preset--image--natural-1--image-1--content-top is-style-ext-preset--image--natural-1--image-1--content-top--10\"><img loading=\"lazy\" decoding=\"async\" width=\"1440\" height=\"960\" class=\"wp-image-54\" src=\"https:\/\/cgenge.com.br\/wp-content\/uploads\/2026\/02\/8f531dbaf385dad58ffa1f2feb054b915b6cb4cd.jpg\" alt=\"\" style=\"aspect-ratio:1;object-fit:cover\" srcset=\"https:\/\/cgenge.com.br\/wp-content\/uploads\/2026\/02\/8f531dbaf385dad58ffa1f2feb054b915b6cb4cd.jpg 1440w, https:\/\/cgenge.com.br\/wp-content\/uploads\/2026\/02\/8f531dbaf385dad58ffa1f2feb054b915b6cb4cd-300x200.jpg 300w, https:\/\/cgenge.com.br\/wp-content\/uploads\/2026\/02\/8f531dbaf385dad58ffa1f2feb054b915b6cb4cd-1024x683.jpg 1024w, https:\/\/cgenge.com.br\/wp-content\/uploads\/2026\/02\/8f531dbaf385dad58ffa1f2feb054b915b6cb4cd-768x512.jpg 768w, https:\/\/cgenge.com.br\/wp-content\/uploads\/2026\/02\/8f531dbaf385dad58ffa1f2feb054b915b6cb4cd-18x12.jpg 18w\" sizes=\"auto, (max-width: 1440px) 100vw, 1440px\" \/><\/figure>\n<\/div>\n\n\n\n<div class=\"wp-block-column is-vertically-aligned-top is-layout-flow wp-container-core-column-is-layout-f5bb311e wp-block-column-is-layout-flow\">\n<figure class=\"wp-block-image is-style-ext-preset--image--natural-1--image-1--content-top is-style-ext-preset--image--natural-1--image-1--content-top--11\"><img loading=\"lazy\" decoding=\"async\" width=\"1440\" height=\"810\" class=\"wp-image-55\" src=\"https:\/\/cgenge.com.br\/wp-content\/uploads\/2026\/02\/6d251d5e665beaf691079c03d5d782911ce4b41a.jpg\" alt=\"\" style=\"aspect-ratio:1;object-fit:cover\" srcset=\"https:\/\/cgenge.com.br\/wp-content\/uploads\/2026\/02\/6d251d5e665beaf691079c03d5d782911ce4b41a.jpg 1440w, https:\/\/cgenge.com.br\/wp-content\/uploads\/2026\/02\/6d251d5e665beaf691079c03d5d782911ce4b41a-300x169.jpg 300w, https:\/\/cgenge.com.br\/wp-content\/uploads\/2026\/02\/6d251d5e665beaf691079c03d5d782911ce4b41a-1024x576.jpg 1024w, https:\/\/cgenge.com.br\/wp-content\/uploads\/2026\/02\/6d251d5e665beaf691079c03d5d782911ce4b41a-768x432.jpg 768w, https:\/\/cgenge.com.br\/wp-content\/uploads\/2026\/02\/6d251d5e665beaf691079c03d5d782911ce4b41a-18x10.jpg 18w\" sizes=\"auto, (max-width: 1440px) 100vw, 1440px\" \/><\/figure>\n\n\n\n<figure class=\"wp-block-image is-style-ext-preset--image--natural-1--image-1--content-top is-style-ext-preset--image--natural-1--image-1--content-top--12\"><img loading=\"lazy\" decoding=\"async\" width=\"960\" height=\"1440\" class=\"wp-image-56\" src=\"https:\/\/cgenge.com.br\/wp-content\/uploads\/2026\/02\/d0828b37b23230d3be135065c9b00c5fe3b2b122.jpg\" alt=\"\" style=\"aspect-ratio:1;object-fit:cover\" srcset=\"https:\/\/cgenge.com.br\/wp-content\/uploads\/2026\/02\/d0828b37b23230d3be135065c9b00c5fe3b2b122.jpg 960w, https:\/\/cgenge.com.br\/wp-content\/uploads\/2026\/02\/d0828b37b23230d3be135065c9b00c5fe3b2b122-200x300.jpg 200w, https:\/\/cgenge.com.br\/wp-content\/uploads\/2026\/02\/d0828b37b23230d3be135065c9b00c5fe3b2b122-683x1024.jpg 683w, https:\/\/cgenge.com.br\/wp-content\/uploads\/2026\/02\/d0828b37b23230d3be135065c9b00c5fe3b2b122-768x1152.jpg 768w, https:\/\/cgenge.com.br\/wp-content\/uploads\/2026\/02\/d0828b37b23230d3be135065c9b00c5fe3b2b122-8x12.jpg 8w\" sizes=\"auto, (max-width: 960px) 100vw, 960px\" \/><\/figure>\n<\/div>\n<\/div>\n<\/div>","protected":false},"excerpt":{"rendered":"<p>Projetos de Engenharia com Excel\u00eancia T\u00e9cnica Conhe\u00e7a nossa abordagem \u00fanica, unindo inova\u00e7\u00e3o e rigor t\u00e9cnico para entregar solu\u00e7\u00f5es que superam expectativas e garantem seguran\u00e7a e conformidade. Excel\u00eancia T\u00e9cnica e Inova\u00e7\u00e3o em Engenharia Apresentamos projetos t\u00e9cnicos detalhados que unem inova\u00e7\u00e3o e rigor, destacando nossa expertise em solu\u00e7\u00f5es complexas de engenharia. Projetos sob Medida Desenvolvemos desenhos t\u00e9cnicos [&hellip;]<\/p>","protected":false},"author":1,"featured_media":0,"parent":0,"menu_order":0,"comment_status":"closed","ping_status":"closed","template":"page-with-title","meta":{"_monsterinsights_skip_tracking":false,"_monsterinsights_sitenote_active":false,"_monsterinsights_sitenote_note":"","_monsterinsights_sitenote_category":0,"footnotes":""},"class_list":["post-38","page","type-page","status-publish","hentry"],"yoast_head":"<!-- This site is optimized with the Yoast SEO plugin v27.2 - https:\/\/yoast.com\/product\/yoast-seo-wordpress\/ -->\n<title>Portf\u00f3lio - CGenge Engenharia<\/title>\n<meta name=\"robots\" content=\"index, follow, max-snippet:-1, max-image-preview:large, max-video-preview:-1\" \/>\n<link rel=\"canonical\" href=\"https:\/\/cgenge.com.br\/en\/portfolio\/\" \/>\n<meta property=\"og:locale\" content=\"en_US\" \/>\n<meta property=\"og:type\" content=\"article\" \/>\n<meta property=\"og:title\" content=\"Portf\u00f3lio - CGenge Engenharia\" \/>\n<meta property=\"og:description\" content=\"Projetos de Engenharia com Excel\u00eancia T\u00e9cnica Conhe\u00e7a nossa abordagem \u00fanica, unindo inova\u00e7\u00e3o e rigor t\u00e9cnico para entregar solu\u00e7\u00f5es que superam expectativas e garantem seguran\u00e7a e conformidade. Excel\u00eancia T\u00e9cnica e Inova\u00e7\u00e3o em Engenharia Apresentamos projetos t\u00e9cnicos detalhados que unem inova\u00e7\u00e3o e rigor, destacando nossa expertise em solu\u00e7\u00f5es complexas de engenharia. Projetos sob Medida Desenvolvemos desenhos t\u00e9cnicos [&hellip;]\" \/>\n<meta property=\"og:url\" content=\"https:\/\/cgenge.com.br\/en\/portfolio\/\" \/>\n<meta property=\"og:site_name\" content=\"CGenge Engenharia\" \/>\n<meta property=\"article:modified_time\" content=\"2026-02-10T01:22:15+00:00\" \/>\n<meta property=\"og:image\" content=\"https:\/\/cgenge.com.br\/wp-content\/uploads\/2026\/02\/4b839a38c5a500dd99c51d20c2d20519a8bd5590.jpg\" \/>\n\t<meta property=\"og:image:width\" content=\"1440\" \/>\n\t<meta property=\"og:image:height\" content=\"960\" \/>\n\t<meta property=\"og:image:type\" content=\"image\/jpeg\" \/>\n<meta name=\"twitter:card\" content=\"summary_large_image\" \/>\n<meta name=\"twitter:label1\" content=\"Est. reading time\" \/>\n\t<meta name=\"twitter:data1\" content=\"1 minute\" \/>\n<script type=\"application\/ld+json\" class=\"yoast-schema-graph\">{\"@context\":\"https:\/\/schema.org\",\"@graph\":[{\"@type\":\"WebPage\",\"@id\":\"https:\/\/cgenge.com.br\/portfolio\/\",\"url\":\"https:\/\/cgenge.com.br\/portfolio\/\",\"name\":\"Portf\u00f3lio - CGenge Engenharia\",\"isPartOf\":{\"@id\":\"https:\/\/cgenge.com.br\/#website\"},\"primaryImageOfPage\":{\"@id\":\"https:\/\/cgenge.com.br\/portfolio\/#primaryimage\"},\"image\":{\"@id\":\"https:\/\/cgenge.com.br\/portfolio\/#primaryimage\"},\"thumbnailUrl\":\"https:\/\/cgenge.com.br\/wp-content\/uploads\/2026\/02\/4b839a38c5a500dd99c51d20c2d20519a8bd5590.jpg\",\"datePublished\":\"2026-02-10T01:18:39+00:00\",\"dateModified\":\"2026-02-10T01:22:15+00:00\",\"breadcrumb\":{\"@id\":\"https:\/\/cgenge.com.br\/portfolio\/#breadcrumb\"},\"inLanguage\":\"en-US\",\"potentialAction\":[{\"@type\":\"ReadAction\",\"target\":[\"https:\/\/cgenge.com.br\/portfolio\/\"]}]},{\"@type\":\"ImageObject\",\"inLanguage\":\"en-US\",\"@id\":\"https:\/\/cgenge.com.br\/portfolio\/#primaryimage\",\"url\":\"https:\/\/cgenge.com.br\/wp-content\/uploads\/2026\/02\/4b839a38c5a500dd99c51d20c2d20519a8bd5590.jpg\",\"contentUrl\":\"https:\/\/cgenge.com.br\/wp-content\/uploads\/2026\/02\/4b839a38c5a500dd99c51d20c2d20519a8bd5590.jpg\"},{\"@type\":\"BreadcrumbList\",\"@id\":\"https:\/\/cgenge.com.br\/portfolio\/#breadcrumb\",\"itemListElement\":[{\"@type\":\"ListItem\",\"position\":1,\"name\":\"In\u00edcio\",\"item\":\"https:\/\/cgenge.com.br\/\"},{\"@type\":\"ListItem\",\"position\":2,\"name\":\"Portf\u00f3lio\"}]},{\"@type\":\"WebSite\",\"@id\":\"https:\/\/cgenge.com.br\/#website\",\"url\":\"https:\/\/cgenge.com.br\/\",\"name\":\"CGenge Engenharia\",\"description\":\"My WordPress Blog\",\"publisher\":{\"@id\":\"https:\/\/cgenge.com.br\/#organization\"},\"potentialAction\":[{\"@type\":\"SearchAction\",\"target\":{\"@type\":\"EntryPoint\",\"urlTemplate\":\"https:\/\/cgenge.com.br\/?s={search_term_string}\"},\"query-input\":{\"@type\":\"PropertyValueSpecification\",\"valueRequired\":true,\"valueName\":\"search_term_string\"}}],\"inLanguage\":\"en-US\"},{\"@type\":\"Organization\",\"@id\":\"https:\/\/cgenge.com.br\/#organization\",\"name\":\"CGenge Engenharia\",\"url\":\"https:\/\/cgenge.com.br\/\",\"logo\":{\"@type\":\"ImageObject\",\"inLanguage\":\"en-US\",\"@id\":\"https:\/\/cgenge.com.br\/#\/schema\/logo\/image\/\",\"url\":\"https:\/\/cgenge.com.br\/wp-content\/uploads\/2026\/02\/CGenge.01.jpg\",\"contentUrl\":\"https:\/\/cgenge.com.br\/wp-content\/uploads\/2026\/02\/CGenge.01.jpg\",\"width\":731,\"height\":256,\"caption\":\"CGenge Engenharia\"},\"image\":{\"@id\":\"https:\/\/cgenge.com.br\/#\/schema\/logo\/image\/\"}}]}<\/script>\n<!-- \/ Yoast SEO plugin. -->","yoast_head_json":{"title":"Portf\u00f3lio - CGenge Engenharia","robots":{"index":"index","follow":"follow","max-snippet":"max-snippet:-1","max-image-preview":"max-image-preview:large","max-video-preview":"max-video-preview:-1"},"canonical":"https:\/\/cgenge.com.br\/en\/portfolio\/","og_locale":"en_US","og_type":"article","og_title":"Portf\u00f3lio - CGenge Engenharia","og_description":"Projetos de Engenharia com Excel\u00eancia T\u00e9cnica Conhe\u00e7a nossa abordagem \u00fanica, unindo inova\u00e7\u00e3o e rigor t\u00e9cnico para entregar solu\u00e7\u00f5es que superam expectativas e garantem seguran\u00e7a e conformidade. Excel\u00eancia T\u00e9cnica e Inova\u00e7\u00e3o em Engenharia Apresentamos projetos t\u00e9cnicos detalhados que unem inova\u00e7\u00e3o e rigor, destacando nossa expertise em solu\u00e7\u00f5es complexas de engenharia. Projetos sob Medida Desenvolvemos desenhos t\u00e9cnicos [&hellip;]","og_url":"https:\/\/cgenge.com.br\/en\/portfolio\/","og_site_name":"CGenge Engenharia","article_modified_time":"2026-02-10T01:22:15+00:00","og_image":[{"width":1440,"height":960,"url":"https:\/\/cgenge.com.br\/wp-content\/uploads\/2026\/02\/4b839a38c5a500dd99c51d20c2d20519a8bd5590.jpg","type":"image\/jpeg"}],"twitter_card":"summary_large_image","twitter_misc":{"Est. reading time":"1 minute"},"schema":{"@context":"https:\/\/schema.org","@graph":[{"@type":"WebPage","@id":"https:\/\/cgenge.com.br\/portfolio\/","url":"https:\/\/cgenge.com.br\/portfolio\/","name":"Portf\u00f3lio - CGenge Engenharia","isPartOf":{"@id":"https:\/\/cgenge.com.br\/#website"},"primaryImageOfPage":{"@id":"https:\/\/cgenge.com.br\/portfolio\/#primaryimage"},"image":{"@id":"https:\/\/cgenge.com.br\/portfolio\/#primaryimage"},"thumbnailUrl":"https:\/\/cgenge.com.br\/wp-content\/uploads\/2026\/02\/4b839a38c5a500dd99c51d20c2d20519a8bd5590.jpg","datePublished":"2026-02-10T01:18:39+00:00","dateModified":"2026-02-10T01:22:15+00:00","breadcrumb":{"@id":"https:\/\/cgenge.com.br\/portfolio\/#breadcrumb"},"inLanguage":"en-US","potentialAction":[{"@type":"ReadAction","target":["https:\/\/cgenge.com.br\/portfolio\/"]}]},{"@type":"ImageObject","inLanguage":"en-US","@id":"https:\/\/cgenge.com.br\/portfolio\/#primaryimage","url":"https:\/\/cgenge.com.br\/wp-content\/uploads\/2026\/02\/4b839a38c5a500dd99c51d20c2d20519a8bd5590.jpg","contentUrl":"https:\/\/cgenge.com.br\/wp-content\/uploads\/2026\/02\/4b839a38c5a500dd99c51d20c2d20519a8bd5590.jpg"},{"@type":"BreadcrumbList","@id":"https:\/\/cgenge.com.br\/portfolio\/#breadcrumb","itemListElement":[{"@type":"ListItem","position":1,"name":"In\u00edcio","item":"https:\/\/cgenge.com.br\/"},{"@type":"ListItem","position":2,"name":"Portf\u00f3lio"}]},{"@type":"WebSite","@id":"https:\/\/cgenge.com.br\/#website","url":"https:\/\/cgenge.com.br\/","name":"CGenge Engenharia","description":"My WordPress Blog","publisher":{"@id":"https:\/\/cgenge.com.br\/#organization"},"potentialAction":[{"@type":"SearchAction","target":{"@type":"EntryPoint","urlTemplate":"https:\/\/cgenge.com.br\/?s={search_term_string}"},"query-input":{"@type":"PropertyValueSpecification","valueRequired":true,"valueName":"search_term_string"}}],"inLanguage":"en-US"},{"@type":"Organization","@id":"https:\/\/cgenge.com.br\/#organization","name":"CGenge Engenharia","url":"https:\/\/cgenge.com.br\/","logo":{"@type":"ImageObject","inLanguage":"en-US","@id":"https:\/\/cgenge.com.br\/#\/schema\/logo\/image\/","url":"https:\/\/cgenge.com.br\/wp-content\/uploads\/2026\/02\/CGenge.01.jpg","contentUrl":"https:\/\/cgenge.com.br\/wp-content\/uploads\/2026\/02\/CGenge.01.jpg","width":731,"height":256,"caption":"CGenge Engenharia"},"image":{"@id":"https:\/\/cgenge.com.br\/#\/schema\/logo\/image\/"}}]}},"_links":{"self":[{"href":"https:\/\/cgenge.com.br\/en\/wp-json\/wp\/v2\/pages\/38","targetHints":{"allow":["GET"]}}],"collection":[{"href":"https:\/\/cgenge.com.br\/en\/wp-json\/wp\/v2\/pages"}],"about":[{"href":"https:\/\/cgenge.com.br\/en\/wp-json\/wp\/v2\/types\/page"}],"author":[{"embeddable":true,"href":"https:\/\/cgenge.com.br\/en\/wp-json\/wp\/v2\/users\/1"}],"replies":[{"embeddable":true,"href":"https:\/\/cgenge.com.br\/en\/wp-json\/wp\/v2\/comments?post=38"}],"version-history":[{"count":1,"href":"https:\/\/cgenge.com.br\/en\/wp-json\/wp\/v2\/pages\/38\/revisions"}],"predecessor-version":[{"id":57,"href":"https:\/\/cgenge.com.br\/en\/wp-json\/wp\/v2\/pages\/38\/revisions\/57"}],"wp:attachment":[{"href":"https:\/\/cgenge.com.br\/en\/wp-json\/wp\/v2\/media?parent=38"}],"curies":[{"name":"wp","href":"https:\/\/api.w.org\/{rel}","templated":true}]}}